{"id":258,"date":"2026-02-21T17:17:29","date_gmt":"2026-02-21T17:17:29","guid":{"rendered":"https:\/\/lessencedonyx.com\/?page_id=258"},"modified":"2026-02-21T17:17:32","modified_gmt":"2026-02-21T17:17:32","slug":"conditions-dutilisation","status":"publish","type":"page","link":"https:\/\/lessencedonyx.com\/index.php\/conditions-dutilisation\/","title":{"rendered":"Conditions d&rsquo;utilisation"},"content":{"rendered":"\t\t<div data-elementor-type=\"wp-page\" data-elementor-id=\"258\" class=\"elementor elementor-258\">\n\t\t\t\t<div class=\"elementor-element elementor-element-ec19a0f e-flex e-con-boxed e-con e-parent\" data-id=\"ec19a0f\" data-element_type=\"container\" data-e-type=\"container\">\n\t\t\t\t\t<div class=\"e-con-inner\">\n\t\t\t\t<div class=\"elementor-element elementor-element-1c96d24 elementor-widget elementor-widget-heading\" data-id=\"1c96d24\" data-element_type=\"widget\" data-e-type=\"widget\" data-widget_type=\"heading.default\">\n\t\t\t\t\t<h2 class=\"elementor-heading-title elementor-size-default\">Conditions d'utilisations<\/h2>\t\t\t\t<\/div>\n\t\t\t\t<div class=\"elementor-element elementor-element-98f7263 elementor-widget elementor-widget-text-editor\" data-id=\"98f7263\" data-element_type=\"widget\" data-e-type=\"widget\" data-widget_type=\"text-editor.default\">\n\t\t\t\t\t\t\t\t\t<p>Date de derni\u00e8re mise \u00e0 jour : <strong>21\/02\/2026<\/strong><\/p><p><strong>ARTICLE 1 : INFORMATIONS LEGALES<\/strong><\/p><p>Le site lessencedonyx.com est \u00e9dit\u00e9 par l&rsquo;entreprise :<br \/>L\u2019essence d\u2019onyx, dont le si\u00e8ge social est situ\u00e9 \u00e0 l&rsquo;adresse suivante : 4 impasse Jean Antoine Chaptal, 87100 Limoges<br \/>Adresse e-mail : lessencedonyx@gmail.com<br \/>T\u00e9l\u00e9phone : 06.99.25.64.51<br \/>Le directeur de publication du site est :<br \/>Madame Claire DARDILHAC.<br \/>Le site lessencedonyx.com est h\u00e9berg\u00e9 par :<br \/>ovh \u2013 2 rue Kellermann 59100 Roubaix 1007<\/p><p><strong>ARTICLE 2 : PRESENTATION DU SITE<\/strong><\/p><p>Le site lessencedonyx.com a pour objet :<br \/>La pr\u00e9sentation des activit\u00e9s exerc\u00e9es par l\u2019entreprise L\u2019essence d\u2019onyx : conseils ayurv\u00e9diques.<\/p><p><strong>ARTICLE 3 : CONTACT<\/strong><\/p><p>Pour toute question ou demande d&rsquo;information concernant le site, ou tout signalement de contenu ou d&rsquo;activit\u00e9s illicites, l&rsquo;utilisateur peut contacter l&rsquo;\u00e9diteur \u00e0 l&rsquo;adresse e-mail suivante : lessencedonyx@gmail.com ou par t\u00e9l\u00e9phone au num\u00e9ro : 06.99.25.64.51<\/p><p><strong>ARTICLE 4 : ACCEPTATION DES CONDITIONS<\/strong><\/p><p>L&rsquo;acc\u00e8s et l&rsquo;utilisation du site sont soumis \u00e0 l&rsquo;acceptation et au respect des pr\u00e9sentes conditions g\u00e9n\u00e9rales d&rsquo;utilisation.<br \/>L&rsquo;\u00e9diteur se r\u00e9serve le droit de modifier, \u00e0 tout moment et sans pr\u00e9avis, le site et les pr\u00e9sentes conditions g\u00e9n\u00e9rales d&rsquo;utilisation, notamment pour s&rsquo;adapter aux \u00e9volutions du site par la mise \u00e0 disposition de nouvelles fonctionnalit\u00e9s ou la suppression ou la modification de fonctionnalit\u00e9s existantes.<br \/>Il est donc conseill\u00e9 \u00e0 l&rsquo;utilisateur de se r\u00e9f\u00e9rer avant toute navigation \u00e0 la derni\u00e8re version des conditions g\u00e9n\u00e9rales d&rsquo;utilisation, accessible \u00e0 tout moment sur le site.<br \/>En cas de d\u00e9saccord avec les conditions g\u00e9n\u00e9rales d&rsquo;utilisation, aucun usage du site ne saurait \u00eatre effectu\u00e9 par l&rsquo;utilisateur.<\/p><p><strong>ARTICLE 5 : ACCES ET NAVIGATION<\/strong><\/p><p>L&rsquo;\u00e9diteur met en oeuvre les solutions techniques \u00e0 sa disposition pour permettre l&rsquo;acc\u00e8s au site 24 heures sur 24, 7 jours sur 7. Il pourra n\u00e9anmoins \u00e0 tout moment suspendre, limiter ou interrompre l&rsquo;acc\u00e8s au site ou \u00e0 certaines pages de celui-ci afin de proc\u00e9der \u00e0 des mises \u00e0 jour, des modifications de son contenu ou tout autre action jug\u00e9e n\u00e9cessaire au bon fonctionnement du site.<br \/>La connexion et la navigation sur le site lessencedonyx.com valent l&rsquo;acceptation sans r\u00e9serve des pr\u00e9sentes conditions g\u00e9n\u00e9rales d&rsquo;utilisation, quelques soient les moyens techniques d&rsquo;acc\u00e8s et les terminaux utilis\u00e9s.<br \/>Les pr\u00e9sentes conditions g\u00e9n\u00e9rales d&rsquo;utilisation s&rsquo;appliquent, en tant que de besoin, \u00e0 toute d\u00e9clinaison ou extension du site sur les r\u00e9seaux sociaux et\/ou communautaire.<\/p><p><strong>ARTICLE 6 : GESTION DU SITE<\/strong><\/p><p>Pour la bonne gestion du site, l&rsquo;\u00e9diteur pourra \u00e0 tout moment :<br \/>\u2022 Suspendre, interrompre ou limiter l&rsquo;acc\u00e8s \u00e0 tout ou partie du site, r\u00e9server l&rsquo;acc\u00e8s au site, ou \u00e0 certaines parties du site, \u00e0 une cat\u00e9gorie d\u00e9termin\u00e9e d&rsquo;internaute(s) ;<br \/>\u2022 Supprimer toute information pouvant en perturber le fonctionnement ou entrant en contravention avec les lois nationales ou internationales en vigueur ;<br \/>\u2022 Suspendre le site afin de proc\u00e9der \u00e0 des mises \u00e0 jour.<\/p><p><strong>ARTICLE 7 : RESPONSABILITES<\/strong><\/p><p>L&rsquo;\u00e9diteur n&rsquo;est responsable que du contenu qu&rsquo;il a lui-m\u00eame \u00e9dit\u00e9.<br \/>L&rsquo;\u00e9diteur n&rsquo;est pas responsable :<br \/>\u2022 En cas de probl\u00e9matique ou d\u00e9faillance techniques, informatiques ou de compatibilit\u00e9 du site avec un mat\u00e9riel ou logiciel quel qu&rsquo;il soit ;<br \/>\u2022 Des dommages directs ou indirects, mat\u00e9riels ou immat\u00e9riels, pr\u00e9visibles ou impr\u00e9visibles r\u00e9sultant de l&rsquo;utilisation ou des difficult\u00e9s d&rsquo;utilisation du site ou des services ;<br \/>\u2022 Des caract\u00e9ristiques intrins\u00e8ques de l&rsquo;internet, notamment celles relatives au manque de fiabilit\u00e9 et au d\u00e9faut de s\u00e9curisation des informations y circulant ;<br \/>\u2022 Des contenus ou activit\u00e9s illicites utilisant son site et ce, sans qu&rsquo;il en ait pris d\u00fbment connaissance.<br \/>Par ailleurs, le site ne saurait garantir l&rsquo;exactitude, la compl\u00e9tude, et l&rsquo;actualit\u00e9 des informations qui y sont diffus\u00e9es.<br \/>L&rsquo;utilisateur est responsable :<br \/>\u2022 De la protection de son mat\u00e9riel et de ses donn\u00e9es ;<br \/>\u2022 De l&rsquo;utilisation qu&rsquo;il fait du site ou de ses services ;<br \/>\u2022 S&rsquo;il ne respecte pas les pr\u00e9sentes conditions g\u00e9n\u00e9rales d&rsquo;utilisation.<\/p><p><strong>ARTICLE 8 : LIENS HYPERTEXTES<\/strong><\/p><p>Le site peut contenir des liens hypertextes pointant vers d&rsquo;autres sites internet sur lesquels lessencedonyx.com n&rsquo;exerce pas de contr\u00f4le. Malgr\u00e9 les v\u00e9rifications pr\u00e9alables et r\u00e9guli\u00e8res r\u00e9alis\u00e9s par l&rsquo;\u00e9diteur, celui-ci d\u00e9cline toute responsabilit\u00e9 quant aux contenus qu&rsquo;il est possible de trouver sur ces sites.<br \/>L&rsquo;\u00e9diteur autorise la mise en place de liens hypertextes vers toute page ou document de son site sous r\u00e9serve que la mise en place de ces liens ne soit pas r\u00e9alis\u00e9s \u00e0 des fins commerciales ou publicitaires<br \/>En outre, l&rsquo;information pr\u00e9alable de l&rsquo;\u00e9diteur du site est n\u00e9cessaire avant toute mise en place de lien hypertexte.<br \/>Sont exclus de cette autorisation les sites diffusant des informations \u00e0 caract\u00e8re illicite, violent, pol\u00e9mique, pornographique, x\u00e9nophobe ou pouvant porter atteinte \u00e0 la sensibilit\u00e9 du plus grand nombre.<br \/>Enfin, lessencedonyx.com se r\u00e9serve le droit de faire supprimer \u00e0 tout moment un lien hypertexte pointant vers son site, si l&rsquo;\u00e9diteur l&rsquo;estime non conforme \u00e0 sa politique \u00e9ditoriale.<\/p><p><strong>ARTICLE 9 : COOKIES<\/strong><\/p><p>Le site a recours aux techniques de \u00ab\u00a0cookies\u00a0\u00bb lui permettant de traiter des statistiques et des informations sur le trafic, de faciliter la navigation et d&rsquo;am\u00e9liorer le service pour le confort de l&rsquo;utilisateur, lequel peut s&rsquo;opposer \u00e0 l&rsquo;enregistrement de ces \u00ab\u00a0cookies\u00a0\u00bb en configurant son logiciel de navigation.<br \/>ARTICLE 10 : PROPRIETE INTELLECTUELLE<br \/>La structuration du site mais aussi les textes, graphiques, images, photographies, sons, vid\u00e9os et applications informatiques qui le composent sont la propri\u00e9t\u00e9 de l&rsquo;\u00e9diteur et sont prot\u00e9g\u00e9s comme tels par les lois en vigueur en Europe. Et ce, \u00e0 l&rsquo;exception des \u00e9l\u00e9ments express\u00e9ment d\u00e9sign\u00e9s comme libres de droits sur le site ou par l&rsquo;\u00e9diteur.<br \/>L&rsquo;acc\u00e8s au site ne vaut pas reconnaissance d&rsquo;un droit et, de mani\u00e8re g\u00e9n\u00e9rale, ne conf\u00e8re aucun droit de propri\u00e9t\u00e9 intellectuelle relatif \u00e0 un \u00e9l\u00e9ment du site, lesquels restent la propri\u00e9t\u00e9 exclusive de l&rsquo;\u00e9diteur.<br \/>Il est interdit \u00e0 l&rsquo;utilisateur d&rsquo;introduire des donn\u00e9es sur le site qui modifieraient ou qui seraient susceptibles d&rsquo;en modifier le contenu ou l&rsquo;apparence.<\/p>\t\t\t\t\t\t\t\t<\/div>\n\t\t\t\t\t<\/div>\n\t\t\t\t<\/div>\n\t\t\t\t<\/div>\n\t\t","protected":false},"excerpt":{"rendered":"<p>Conditions d&rsquo;utilisations Date de derni\u00e8re mise \u00e0 jour : 21\/02\/2026 ARTICLE 1 : INFORMATIONS LEGALES Le site lessencedonyx.com est \u00e9dit\u00e9 par l&rsquo;entreprise :L\u2019essence d\u2019onyx, dont le si\u00e8ge social est situ\u00e9 \u00e0 l&rsquo;adresse suivante : 4 impasse Jean Antoine Chaptal, 87100 LimogesAdresse e-mail : lessencedonyx@gmail.comT\u00e9l\u00e9phone : 06.99.25.64.51Le directeur de publication du site est :Madame Claire DARDILHAC.Le [&hellip;]<\/p>\n","protected":false},"author":1,"featured_media":0,"parent":0,"menu_order":0,"comment_status":"closed","ping_status":"closed","template":"","meta":{"_eb_attr":"","ocean_post_layout":"","ocean_both_sidebars_style":"","ocean_both_sidebars_content_width":0,"ocean_both_sidebars_sidebars_width":0,"ocean_sidebar":"","ocean_second_sidebar":"","ocean_disable_margins":"enable","ocean_add_body_class":"","ocean_shortcode_before_top_bar":"","ocean_shortcode_after_top_bar":"","ocean_shortcode_before_header":"","ocean_shortcode_after_header":"","ocean_has_shortcode":"","ocean_shortcode_after_title":"","ocean_shortcode_before_footer_widgets":"","ocean_shortcode_after_footer_widgets":"","ocean_shortcode_before_footer_bottom":"","ocean_shortcode_after_footer_bottom":"","ocean_display_top_bar":"default","ocean_display_header":"default","ocean_header_style":"","ocean_center_header_left_menu":"","ocean_custom_header_template":"","ocean_custom_logo":0,"ocean_custom_retina_logo":0,"ocean_custom_logo_max_width":0,"ocean_custom_logo_tablet_max_width":0,"ocean_custom_logo_mobile_max_width":0,"ocean_custom_logo_max_height":0,"ocean_custom_logo_tablet_max_height":0,"ocean_custom_logo_mobile_max_height":0,"ocean_header_custom_menu":"","ocean_menu_typo_font_family":"","ocean_menu_typo_font_subset":"","ocean_menu_typo_font_size":0,"ocean_menu_typo_font_size_tablet":0,"ocean_menu_typo_font_size_mobile":0,"ocean_menu_typo_font_size_unit":"px","ocean_menu_typo_font_weight":"","ocean_menu_typo_font_weight_tablet":"","ocean_menu_typo_font_weight_mobile":"","ocean_menu_typo_transform":"","ocean_menu_typo_transform_tablet":"","ocean_menu_typo_transform_mobile":"","ocean_menu_typo_line_height":0,"ocean_menu_typo_line_height_tablet":0,"ocean_menu_typo_line_height_mobile":0,"ocean_menu_typo_line_height_unit":"","ocean_menu_typo_spacing":0,"ocean_menu_typo_spacing_tablet":0,"ocean_menu_typo_spacing_mobile":0,"ocean_menu_typo_spacing_unit":"","ocean_menu_link_color":"","ocean_menu_link_color_hover":"","ocean_menu_link_color_active":"","ocean_menu_link_background":"","ocean_menu_link_hover_background":"","ocean_menu_link_active_background":"","ocean_menu_social_links_bg":"","ocean_menu_social_hover_links_bg":"","ocean_menu_social_links_color":"","ocean_menu_social_hover_links_color":"","ocean_disable_title":"default","ocean_disable_heading":"default","ocean_post_title":"","ocean_post_subheading":"","ocean_post_title_style":"","ocean_post_title_background_color":"","ocean_post_title_background":0,"ocean_post_title_bg_image_position":"","ocean_post_title_bg_image_attachment":"","ocean_post_title_bg_image_repeat":"","ocean_post_title_bg_image_size":"","ocean_post_title_height":0,"ocean_post_title_bg_overlay":0.5,"ocean_post_title_bg_overlay_color":"","ocean_disable_breadcrumbs":"default","ocean_breadcrumbs_color":"","ocean_breadcrumbs_separator_color":"","ocean_breadcrumbs_links_color":"","ocean_breadcrumbs_links_hover_color":"","ocean_display_footer_widgets":"default","ocean_display_footer_bottom":"default","ocean_custom_footer_template":"","footnotes":""},"class_list":["post-258","page","type-page","status-publish","hentry","entry"],"yoast_head":"<!-- This site is optimized with the Yoast SEO plugin v27.0 - https:\/\/yoast.com\/product\/yoast-seo-wordpress\/ -->\n<title>Conditions d&#039;utilisation -<\/title>\n<meta name=\"robots\" content=\"index, follow, max-snippet:-1, max-image-preview:large, max-video-preview:-1\" \/>\n<link rel=\"canonical\" href=\"https:\/\/lessencedonyx.com\/index.php\/conditions-dutilisation\/\" \/>\n<meta property=\"og:locale\" content=\"fr_FR\" \/>\n<meta property=\"og:type\" content=\"article\" \/>\n<meta property=\"og:title\" content=\"Conditions d&#039;utilisation -\" \/>\n<meta property=\"og:description\" content=\"Conditions d&rsquo;utilisations Date de derni\u00e8re mise \u00e0 jour : 21\/02\/2026 ARTICLE 1 : INFORMATIONS LEGALES Le site lessencedonyx.com est \u00e9dit\u00e9 par l&rsquo;entreprise :L\u2019essence d\u2019onyx, dont le si\u00e8ge social est situ\u00e9 \u00e0 l&rsquo;adresse suivante : 4 impasse Jean Antoine Chaptal, 87100 LimogesAdresse e-mail : lessencedonyx@gmail.comT\u00e9l\u00e9phone : 06.99.25.64.51Le directeur de publication du site est :Madame Claire DARDILHAC.Le [&hellip;]\" \/>\n<meta property=\"og:url\" content=\"https:\/\/lessencedonyx.com\/index.php\/conditions-dutilisation\/\" \/>\n<meta property=\"article:modified_time\" content=\"2026-02-21T17:17:32+00:00\" \/>\n<meta property=\"og:image\" content=\"https:\/\/lessencedonyx.com\/wp-content\/uploads\/2026\/02\/cropped-Logo-capture.png\" \/>\n\t<meta property=\"og:image:width\" content=\"503\" \/>\n\t<meta property=\"og:image:height\" content=\"414\" \/>\n\t<meta property=\"og:image:type\" content=\"image\/png\" \/>\n<meta name=\"twitter:card\" content=\"summary_large_image\" \/>\n<meta name=\"twitter:label1\" content=\"Dur\u00e9e de lecture estim\u00e9e\" \/>\n\t<meta name=\"twitter:data1\" content=\"5 minutes\" \/>\n<script type=\"application\/ld+json\" class=\"yoast-schema-graph\">{\"@context\":\"https:\/\/schema.org\",\"@graph\":[{\"@type\":\"WebPage\",\"@id\":\"https:\/\/lessencedonyx.com\/index.php\/conditions-dutilisation\/\",\"url\":\"https:\/\/lessencedonyx.com\/index.php\/conditions-dutilisation\/\",\"name\":\"Conditions d'utilisation -\",\"isPartOf\":{\"@id\":\"https:\/\/lessencedonyx.com\/#website\"},\"datePublished\":\"2026-02-21T17:17:29+00:00\",\"dateModified\":\"2026-02-21T17:17:32+00:00\",\"breadcrumb\":{\"@id\":\"https:\/\/lessencedonyx.com\/index.php\/conditions-dutilisation\/#breadcrumb\"},\"inLanguage\":\"fr-FR\",\"potentialAction\":[{\"@type\":\"ReadAction\",\"target\":[\"https:\/\/lessencedonyx.com\/index.php\/conditions-dutilisation\/\"]}]},{\"@type\":\"BreadcrumbList\",\"@id\":\"https:\/\/lessencedonyx.com\/index.php\/conditions-dutilisation\/#breadcrumb\",\"itemListElement\":[{\"@type\":\"ListItem\",\"position\":1,\"name\":\"Accueil\",\"item\":\"https:\/\/lessencedonyx.com\/\"},{\"@type\":\"ListItem\",\"position\":2,\"name\":\"Conditions d&rsquo;utilisation\"}]},{\"@type\":\"WebSite\",\"@id\":\"https:\/\/lessencedonyx.com\/#website\",\"url\":\"https:\/\/lessencedonyx.com\/\",\"name\":\"L'essence d'onyx\",\"description\":\"\",\"publisher\":{\"@id\":\"https:\/\/lessencedonyx.com\/#organization\"},\"potentialAction\":[{\"@type\":\"SearchAction\",\"target\":{\"@type\":\"EntryPoint\",\"urlTemplate\":\"https:\/\/lessencedonyx.com\/?s={search_term_string}\"},\"query-input\":{\"@type\":\"PropertyValueSpecification\",\"valueRequired\":true,\"valueName\":\"search_term_string\"}}],\"inLanguage\":\"fr-FR\"},{\"@type\":\"Organization\",\"@id\":\"https:\/\/lessencedonyx.com\/#organization\",\"name\":\"L'essence d'onyx\",\"url\":\"https:\/\/lessencedonyx.com\/\",\"logo\":{\"@type\":\"ImageObject\",\"inLanguage\":\"fr-FR\",\"@id\":\"https:\/\/lessencedonyx.com\/#\/schema\/logo\/image\/\",\"url\":\"http:\/\/lessencedonyx.com\/wp-content\/uploads\/2026\/02\/cropped-Logo-capture.png\",\"contentUrl\":\"http:\/\/lessencedonyx.com\/wp-content\/uploads\/2026\/02\/cropped-Logo-capture.png\",\"width\":503,\"height\":414,\"caption\":\"L'essence d'onyx\"},\"image\":{\"@id\":\"https:\/\/lessencedonyx.com\/#\/schema\/logo\/image\/\"},\"sameAs\":[\"https:\/\/www.instagram.com\/lessencedonyx\/\"]}]}<\/script>\n<!-- \/ Yoast SEO plugin. -->","yoast_head_json":{"title":"Conditions d'utilisation -","robots":{"index":"index","follow":"follow","max-snippet":"max-snippet:-1","max-image-preview":"max-image-preview:large","max-video-preview":"max-video-preview:-1"},"canonical":"https:\/\/lessencedonyx.com\/index.php\/conditions-dutilisation\/","og_locale":"fr_FR","og_type":"article","og_title":"Conditions d'utilisation -","og_description":"Conditions d&rsquo;utilisations Date de derni\u00e8re mise \u00e0 jour : 21\/02\/2026 ARTICLE 1 : INFORMATIONS LEGALES Le site lessencedonyx.com est \u00e9dit\u00e9 par l&rsquo;entreprise :L\u2019essence d\u2019onyx, dont le si\u00e8ge social est situ\u00e9 \u00e0 l&rsquo;adresse suivante : 4 impasse Jean Antoine Chaptal, 87100 LimogesAdresse e-mail : lessencedonyx@gmail.comT\u00e9l\u00e9phone : 06.99.25.64.51Le directeur de publication du site est :Madame Claire DARDILHAC.Le [&hellip;]","og_url":"https:\/\/lessencedonyx.com\/index.php\/conditions-dutilisation\/","article_modified_time":"2026-02-21T17:17:32+00:00","og_image":[{"width":503,"height":414,"url":"https:\/\/lessencedonyx.com\/wp-content\/uploads\/2026\/02\/cropped-Logo-capture.png","type":"image\/png"}],"twitter_card":"summary_large_image","twitter_misc":{"Dur\u00e9e de lecture estim\u00e9e":"5 minutes"},"schema":{"@context":"https:\/\/schema.org","@graph":[{"@type":"WebPage","@id":"https:\/\/lessencedonyx.com\/index.php\/conditions-dutilisation\/","url":"https:\/\/lessencedonyx.com\/index.php\/conditions-dutilisation\/","name":"Conditions d'utilisation -","isPartOf":{"@id":"https:\/\/lessencedonyx.com\/#website"},"datePublished":"2026-02-21T17:17:29+00:00","dateModified":"2026-02-21T17:17:32+00:00","breadcrumb":{"@id":"https:\/\/lessencedonyx.com\/index.php\/conditions-dutilisation\/#breadcrumb"},"inLanguage":"fr-FR","potentialAction":[{"@type":"ReadAction","target":["https:\/\/lessencedonyx.com\/index.php\/conditions-dutilisation\/"]}]},{"@type":"BreadcrumbList","@id":"https:\/\/lessencedonyx.com\/index.php\/conditions-dutilisation\/#breadcrumb","itemListElement":[{"@type":"ListItem","position":1,"name":"Accueil","item":"https:\/\/lessencedonyx.com\/"},{"@type":"ListItem","position":2,"name":"Conditions d&rsquo;utilisation"}]},{"@type":"WebSite","@id":"https:\/\/lessencedonyx.com\/#website","url":"https:\/\/lessencedonyx.com\/","name":"L'essence d'onyx","description":"","publisher":{"@id":"https:\/\/lessencedonyx.com\/#organization"},"potentialAction":[{"@type":"SearchAction","target":{"@type":"EntryPoint","urlTemplate":"https:\/\/lessencedonyx.com\/?s={search_term_string}"},"query-input":{"@type":"PropertyValueSpecification","valueRequired":true,"valueName":"search_term_string"}}],"inLanguage":"fr-FR"},{"@type":"Organization","@id":"https:\/\/lessencedonyx.com\/#organization","name":"L'essence d'onyx","url":"https:\/\/lessencedonyx.com\/","logo":{"@type":"ImageObject","inLanguage":"fr-FR","@id":"https:\/\/lessencedonyx.com\/#\/schema\/logo\/image\/","url":"http:\/\/lessencedonyx.com\/wp-content\/uploads\/2026\/02\/cropped-Logo-capture.png","contentUrl":"http:\/\/lessencedonyx.com\/wp-content\/uploads\/2026\/02\/cropped-Logo-capture.png","width":503,"height":414,"caption":"L'essence d'onyx"},"image":{"@id":"https:\/\/lessencedonyx.com\/#\/schema\/logo\/image\/"},"sameAs":["https:\/\/www.instagram.com\/lessencedonyx\/"]}]}},"_links":{"self":[{"href":"https:\/\/lessencedonyx.com\/index.php\/wp-json\/wp\/v2\/pages\/258","targetHints":{"allow":["GET"]}}],"collection":[{"href":"https:\/\/lessencedonyx.com\/index.php\/wp-json\/wp\/v2\/pages"}],"about":[{"href":"https:\/\/lessencedonyx.com\/index.php\/wp-json\/wp\/v2\/types\/page"}],"author":[{"embeddable":true,"href":"https:\/\/lessencedonyx.com\/index.php\/wp-json\/wp\/v2\/users\/1"}],"replies":[{"embeddable":true,"href":"https:\/\/lessencedonyx.com\/index.php\/wp-json\/wp\/v2\/comments?post=258"}],"version-history":[{"count":12,"href":"https:\/\/lessencedonyx.com\/index.php\/wp-json\/wp\/v2\/pages\/258\/revisions"}],"predecessor-version":[{"id":270,"href":"https:\/\/lessencedonyx.com\/index.php\/wp-json\/wp\/v2\/pages\/258\/revisions\/270"}],"wp:attachment":[{"href":"https:\/\/lessencedonyx.com\/index.php\/wp-json\/wp\/v2\/media?parent=258"}],"curies":[{"name":"wp","href":"https:\/\/api.w.org\/{rel}","templated":true}]}}