{"id":167,"date":"2026-02-20T15:54:54","date_gmt":"2026-02-20T15:54:54","guid":{"rendered":"https:\/\/lessencedonyx.com\/?page_id=167"},"modified":"2026-02-21T17:23:27","modified_gmt":"2026-02-21T17:23:27","slug":"politique-de-confidentialite","status":"publish","type":"page","link":"https:\/\/lessencedonyx.com\/index.php\/politique-de-confidentialite\/","title":{"rendered":"Politique de confidentialit\u00e9"},"content":{"rendered":"\t\t<div data-elementor-type=\"wp-page\" data-elementor-id=\"167\" class=\"elementor elementor-167\">\n\t\t\t\t<div class=\"elementor-element elementor-element-1f5597f1 e-flex e-con-boxed e-con e-parent\" data-id=\"1f5597f1\" data-element_type=\"container\" data-e-type=\"container\">\n\t\t\t\t\t<div class=\"e-con-inner\">\n\t\t\t\t<div class=\"elementor-element elementor-element-51b710d elementor-widget elementor-widget-heading\" data-id=\"51b710d\" data-element_type=\"widget\" data-e-type=\"widget\" data-widget_type=\"heading.default\">\n\t\t\t\t\t<h2 class=\"elementor-heading-title elementor-size-default\">Politique de confidentialit\u00e9<\/h2>\t\t\t\t<\/div>\n\t\t\t\t<div class=\"elementor-element elementor-element-5438d08b elementor-widget elementor-widget-text-editor\" data-id=\"5438d08b\" data-element_type=\"widget\" data-e-type=\"widget\" data-widget_type=\"text-editor.default\">\n\t\t\t\t\t\t\t\t\t<p>Date de derni\u00e8re mise \u00e0 jour : <strong>21\/02\/2026<\/strong><\/p>\n<p><strong>ARTICLE 1 : COLLECTE DE VOS INFORMATIONS<\/strong><\/p>\n<p>Nous recueillons des informations lorsque vous remplissez nos formulaires de contact.<\/p>\n<p>Nous pouvons r\u00e9colter les informations suivantes : votre pr\u00e9nom, votre nom, votre adresse e-mail, votre num\u00e9ro de t\u00e9l\u00e9phone, votre adresse et votre localit\u00e9.<\/p>\n<p>En outre, nous pouvons recevoir et enregistrer automatiquement des informations \u00e0 partir de votre ordinateur et navigateur, y compris votre adresse IP, vos logiciels et votre mat\u00e9riel, et la page que vous demandez selon vos pr\u00e9f\u00e9rences cookies que vous avez s\u00e9lectionn\u00e9 via notre bandeau.<\/p>\n<p><strong>ARTICLE 2 : UTILISATION DE VOS INFORMATIONS<\/strong><\/p>\n<p>Toutes les informations que nous recueillons de votre part peuvent \u00eatre utilis\u00e9es pour :<\/p>\n<p>Vous contacter de mani\u00e8re plus efficace ;<br \/>Collecter et \u00e9tablir des statistiques pour am\u00e9liorer nos campagnes marketing et webmarketing ;<br \/>Vous envoyer des newsletters dans le cas o\u00f9 vous \u00eates inscrit(e)s \u00e0 celles-ci ;<br \/>Personnaliser votre exp\u00e9rience et r\u00e9pondre \u00e0 vos besoins individuels.\u00a0<\/p>\n<p>ARTICLE 3 : CONFIDENTIALITE DE VOS DONNEES<\/p>\n<p>Nous sommes les seuls propri\u00e9taires des informations recueillies sur notre site. Vos informations personnelles ne seront pas vendues, \u00e9chang\u00e9es, transf\u00e9r\u00e9es, ou donn\u00e9es \u00e0 une autre soci\u00e9t\u00e9 pour n\u2019importe quelle raison, sans votre consentement.<\/p>\n<p><strong>ARTICLE 4 : DIVULGATION A DES TIERS<\/strong><\/p>\n<p>Nous ne vendons, n\u2019\u00e9changeons et ne transf\u00e9rons pas vos informations personnelles identifiables \u00e0 des tiers. Cela ne comprend pas les tierce parties de confiance qui nous aident \u00e0 exploiter notre site web ou \u00e0 mener nos affaires, tant que ces parties conviennent de garder ces informations confidentielles.<\/p>\n<p><strong>ARTICLE 5 : PROTECTION DE VOS INFORMATIONS<\/strong><\/p>\n<p>Nous mettons en \u0153uvre une vari\u00e9t\u00e9 de mesures de s\u00e9curit\u00e9 pour pr\u00e9server la s\u00e9curit\u00e9 de vos informations personnelles. Nous utilisons un cryptage \u00e0 la pointe de la technologie pour prot\u00e9ger les informations sensibles transmises en ligne. Notre site internet poss\u00e8de bien entendu un Certificat SSL (Secure Socket Layer).<\/p>\n<p>Nous prot\u00e9geons \u00e9galement vos informations hors ligne. Seuls membres autoris\u00e9s de l&rsquo;entreprise qui ont besoin d\u2019effectuer un travail sp\u00e9cifique (par exemple, la facturation ou le service aux membres) ont acc\u00e8s aux informations personnelles identifiables. Les ordinateurs et serveurs utilis\u00e9s pour stocker des informations personnelles identifiables sont conserv\u00e9s dans un environnement s\u00e9curis\u00e9 par notre h\u00e9bergeur.<\/p>\n<p><strong>ARTICLE 6 : COPIE OU SUPPRESSION DE VOS INFORMATIONS<\/strong><\/p>\n<p>Nous stockons les donn\u00e9es transmises via nos diff\u00e9rents formulaires de contact.<\/p>\n<p>Cependant, vous avez la possibilit\u00e9 de nous contacter par e-mail \u00e0 lessencedonyx@gmail.com\u00a0ou par t\u00e9l\u00e9phone au 06.99.25.64.51 pour toute demande de copie ou de suppression de vos donn\u00e9es personnelles que nous stockons.<\/p>\n<p><strong>ARTICLE 7 : ENVOI DE NEWSLETTERS<\/strong><\/p>\n<p>Si vous \u00eates concern\u00e9(e)s par l&rsquo;envoi de notre newsletter, vous pouvez en tout temps vous d\u00e9sabonner de celles-ci via une proposition sur le bas de chaque e-mail.<\/p>\n<p><strong>ARTICLE 8 : POLITIQUE DE L&rsquo;HEBERGEUR<\/strong><\/p>\n<p>Notre h\u00e9bergeur poss\u00e8de sa propre politique de confidentialit\u00e9 concernant l&rsquo;utilisation de vos donn\u00e9es que vous pouvez consulter en tout temps ici : https:\/\/www.ovhcloud.com\/fr\/personal-data-protection\/.<\/p>\n<p><strong>ARTICLE 9 : CONSENTEMENT A NOTRE POLITIQUE<\/strong><\/p>\n<p>En utilisant notre site, vous consentez \u00e0 notre politique de confidentialit\u00e9 et que celle-ci puisse \u00eatre modifi\u00e9e en tout temps par l&rsquo;\u00e9diteur.<\/p>\t\t\t\t\t\t\t\t<\/div>\n\t\t\t\t\t<\/div>\n\t\t\t\t<\/div>\n\t\t\t\t<\/div>\n\t\t","protected":false},"excerpt":{"rendered":"<p>Politique de confidentialit\u00e9 Date de derni\u00e8re mise \u00e0 jour : 21\/02\/2026 ARTICLE 1 : COLLECTE DE VOS INFORMATIONS Nous recueillons des informations lorsque vous remplissez nos formulaires de contact. Nous pouvons r\u00e9colter les informations suivantes : votre pr\u00e9nom, votre nom, votre adresse e-mail, votre num\u00e9ro de t\u00e9l\u00e9phone, votre adresse et votre localit\u00e9. En outre, nous [&hellip;]<\/p>\n","protected":false},"author":1,"featured_media":0,"parent":0,"menu_order":0,"comment_status":"closed","ping_status":"closed","template":"","meta":{"_eb_attr":"","ocean_post_layout":"","ocean_both_sidebars_style":"","ocean_both_sidebars_content_width":0,"ocean_both_sidebars_sidebars_width":0,"ocean_sidebar":"","ocean_second_sidebar":"","ocean_disable_margins":"enable","ocean_add_body_class":"","ocean_shortcode_before_top_bar":"","ocean_shortcode_after_top_bar":"","ocean_shortcode_before_header":"","ocean_shortcode_after_header":"","ocean_has_shortcode":"","ocean_shortcode_after_title":"","ocean_shortcode_before_footer_widgets":"","ocean_shortcode_after_footer_widgets":"","ocean_shortcode_before_footer_bottom":"","ocean_shortcode_after_footer_bottom":"","ocean_display_top_bar":"default","ocean_display_header":"default","ocean_header_style":"","ocean_center_header_left_menu":"","ocean_custom_header_template":"","ocean_custom_logo":0,"ocean_custom_retina_logo":0,"ocean_custom_logo_max_width":0,"ocean_custom_logo_tablet_max_width":0,"ocean_custom_logo_mobile_max_width":0,"ocean_custom_logo_max_height":0,"ocean_custom_logo_tablet_max_height":0,"ocean_custom_logo_mobile_max_height":0,"ocean_header_custom_menu":"","ocean_menu_typo_font_family":"","ocean_menu_typo_font_subset":"","ocean_menu_typo_font_size":0,"ocean_menu_typo_font_size_tablet":0,"ocean_menu_typo_font_size_mobile":0,"ocean_menu_typo_font_size_unit":"px","ocean_menu_typo_font_weight":"","ocean_menu_typo_font_weight_tablet":"","ocean_menu_typo_font_weight_mobile":"","ocean_menu_typo_transform":"","ocean_menu_typo_transform_tablet":"","ocean_menu_typo_transform_mobile":"","ocean_menu_typo_line_height":0,"ocean_menu_typo_line_height_tablet":0,"ocean_menu_typo_line_height_mobile":0,"ocean_menu_typo_line_height_unit":"","ocean_menu_typo_spacing":0,"ocean_menu_typo_spacing_tablet":0,"ocean_menu_typo_spacing_mobile":0,"ocean_menu_typo_spacing_unit":"","ocean_menu_link_color":"","ocean_menu_link_color_hover":"","ocean_menu_link_color_active":"","ocean_menu_link_background":"","ocean_menu_link_hover_background":"","ocean_menu_link_active_background":"","ocean_menu_social_links_bg":"","ocean_menu_social_hover_links_bg":"","ocean_menu_social_links_color":"","ocean_menu_social_hover_links_color":"","ocean_disable_title":"default","ocean_disable_heading":"default","ocean_post_title":"","ocean_post_subheading":"","ocean_post_title_style":"","ocean_post_title_background_color":"","ocean_post_title_background":0,"ocean_post_title_bg_image_position":"","ocean_post_title_bg_image_attachment":"","ocean_post_title_bg_image_repeat":"","ocean_post_title_bg_image_size":"","ocean_post_title_height":0,"ocean_post_title_bg_overlay":0.5,"ocean_post_title_bg_overlay_color":"","ocean_disable_breadcrumbs":"default","ocean_breadcrumbs_color":"","ocean_breadcrumbs_separator_color":"","ocean_breadcrumbs_links_color":"","ocean_breadcrumbs_links_hover_color":"","ocean_display_footer_widgets":"default","ocean_display_footer_bottom":"default","ocean_custom_footer_template":"","footnotes":""},"class_list":["post-167","page","type-page","status-publish","hentry","entry"],"yoast_head":"<!-- This site is optimized with the Yoast SEO plugin v27.0 - https:\/\/yoast.com\/product\/yoast-seo-wordpress\/ -->\n<title>Politique de confidentialit\u00e9 -<\/title>\n<meta name=\"robots\" content=\"index, follow, max-snippet:-1, max-image-preview:large, max-video-preview:-1\" \/>\n<link rel=\"canonical\" href=\"https:\/\/lessencedonyx.com\/index.php\/politique-de-confidentialite\/\" \/>\n<meta property=\"og:locale\" content=\"fr_FR\" \/>\n<meta property=\"og:type\" content=\"article\" \/>\n<meta property=\"og:title\" content=\"Politique de confidentialit\u00e9 -\" \/>\n<meta property=\"og:description\" content=\"Politique de confidentialit\u00e9 Date de derni\u00e8re mise \u00e0 jour : 21\/02\/2026 ARTICLE 1 : COLLECTE DE VOS INFORMATIONS Nous recueillons des informations lorsque vous remplissez nos formulaires de contact. Nous pouvons r\u00e9colter les informations suivantes : votre pr\u00e9nom, votre nom, votre adresse e-mail, votre num\u00e9ro de t\u00e9l\u00e9phone, votre adresse et votre localit\u00e9. En outre, nous [&hellip;]\" \/>\n<meta property=\"og:url\" content=\"https:\/\/lessencedonyx.com\/index.php\/politique-de-confidentialite\/\" \/>\n<meta property=\"article:modified_time\" content=\"2026-02-21T17:23:27+00:00\" \/>\n<meta property=\"og:image\" content=\"https:\/\/lessencedonyx.com\/wp-content\/uploads\/2026\/02\/cropped-Logo-capture.png\" \/>\n\t<meta property=\"og:image:width\" content=\"503\" \/>\n\t<meta property=\"og:image:height\" content=\"414\" \/>\n\t<meta property=\"og:image:type\" content=\"image\/png\" \/>\n<meta name=\"twitter:card\" content=\"summary_large_image\" \/>\n<meta name=\"twitter:label1\" content=\"Dur\u00e9e de lecture estim\u00e9e\" \/>\n\t<meta name=\"twitter:data1\" content=\"3 minutes\" \/>\n<script type=\"application\/ld+json\" class=\"yoast-schema-graph\">{\"@context\":\"https:\/\/schema.org\",\"@graph\":[{\"@type\":\"WebPage\",\"@id\":\"https:\/\/lessencedonyx.com\/index.php\/politique-de-confidentialite\/\",\"url\":\"https:\/\/lessencedonyx.com\/index.php\/politique-de-confidentialite\/\",\"name\":\"Politique de confidentialit\u00e9 -\",\"isPartOf\":{\"@id\":\"https:\/\/lessencedonyx.com\/#website\"},\"datePublished\":\"2026-02-20T15:54:54+00:00\",\"dateModified\":\"2026-02-21T17:23:27+00:00\",\"breadcrumb\":{\"@id\":\"https:\/\/lessencedonyx.com\/index.php\/politique-de-confidentialite\/#breadcrumb\"},\"inLanguage\":\"fr-FR\",\"potentialAction\":[{\"@type\":\"ReadAction\",\"target\":[\"https:\/\/lessencedonyx.com\/index.php\/politique-de-confidentialite\/\"]}]},{\"@type\":\"BreadcrumbList\",\"@id\":\"https:\/\/lessencedonyx.com\/index.php\/politique-de-confidentialite\/#breadcrumb\",\"itemListElement\":[{\"@type\":\"ListItem\",\"position\":1,\"name\":\"Accueil\",\"item\":\"https:\/\/lessencedonyx.com\/\"},{\"@type\":\"ListItem\",\"position\":2,\"name\":\"Politique de confidentialit\u00e9\"}]},{\"@type\":\"WebSite\",\"@id\":\"https:\/\/lessencedonyx.com\/#website\",\"url\":\"https:\/\/lessencedonyx.com\/\",\"name\":\"L'essence d'onyx\",\"description\":\"\",\"publisher\":{\"@id\":\"https:\/\/lessencedonyx.com\/#organization\"},\"potentialAction\":[{\"@type\":\"SearchAction\",\"target\":{\"@type\":\"EntryPoint\",\"urlTemplate\":\"https:\/\/lessencedonyx.com\/?s={search_term_string}\"},\"query-input\":{\"@type\":\"PropertyValueSpecification\",\"valueRequired\":true,\"valueName\":\"search_term_string\"}}],\"inLanguage\":\"fr-FR\"},{\"@type\":\"Organization\",\"@id\":\"https:\/\/lessencedonyx.com\/#organization\",\"name\":\"L'essence d'onyx\",\"url\":\"https:\/\/lessencedonyx.com\/\",\"logo\":{\"@type\":\"ImageObject\",\"inLanguage\":\"fr-FR\",\"@id\":\"https:\/\/lessencedonyx.com\/#\/schema\/logo\/image\/\",\"url\":\"http:\/\/lessencedonyx.com\/wp-content\/uploads\/2026\/02\/cropped-Logo-capture.png\",\"contentUrl\":\"http:\/\/lessencedonyx.com\/wp-content\/uploads\/2026\/02\/cropped-Logo-capture.png\",\"width\":503,\"height\":414,\"caption\":\"L'essence d'onyx\"},\"image\":{\"@id\":\"https:\/\/lessencedonyx.com\/#\/schema\/logo\/image\/\"},\"sameAs\":[\"https:\/\/www.instagram.com\/lessencedonyx\/\"]}]}<\/script>\n<!-- \/ Yoast SEO plugin. -->","yoast_head_json":{"title":"Politique de confidentialit\u00e9 -","robots":{"index":"index","follow":"follow","max-snippet":"max-snippet:-1","max-image-preview":"max-image-preview:large","max-video-preview":"max-video-preview:-1"},"canonical":"https:\/\/lessencedonyx.com\/index.php\/politique-de-confidentialite\/","og_locale":"fr_FR","og_type":"article","og_title":"Politique de confidentialit\u00e9 -","og_description":"Politique de confidentialit\u00e9 Date de derni\u00e8re mise \u00e0 jour : 21\/02\/2026 ARTICLE 1 : COLLECTE DE VOS INFORMATIONS Nous recueillons des informations lorsque vous remplissez nos formulaires de contact. Nous pouvons r\u00e9colter les informations suivantes : votre pr\u00e9nom, votre nom, votre adresse e-mail, votre num\u00e9ro de t\u00e9l\u00e9phone, votre adresse et votre localit\u00e9. En outre, nous [&hellip;]","og_url":"https:\/\/lessencedonyx.com\/index.php\/politique-de-confidentialite\/","article_modified_time":"2026-02-21T17:23:27+00:00","og_image":[{"width":503,"height":414,"url":"https:\/\/lessencedonyx.com\/wp-content\/uploads\/2026\/02\/cropped-Logo-capture.png","type":"image\/png"}],"twitter_card":"summary_large_image","twitter_misc":{"Dur\u00e9e de lecture estim\u00e9e":"3 minutes"},"schema":{"@context":"https:\/\/schema.org","@graph":[{"@type":"WebPage","@id":"https:\/\/lessencedonyx.com\/index.php\/politique-de-confidentialite\/","url":"https:\/\/lessencedonyx.com\/index.php\/politique-de-confidentialite\/","name":"Politique de confidentialit\u00e9 -","isPartOf":{"@id":"https:\/\/lessencedonyx.com\/#website"},"datePublished":"2026-02-20T15:54:54+00:00","dateModified":"2026-02-21T17:23:27+00:00","breadcrumb":{"@id":"https:\/\/lessencedonyx.com\/index.php\/politique-de-confidentialite\/#breadcrumb"},"inLanguage":"fr-FR","potentialAction":[{"@type":"ReadAction","target":["https:\/\/lessencedonyx.com\/index.php\/politique-de-confidentialite\/"]}]},{"@type":"BreadcrumbList","@id":"https:\/\/lessencedonyx.com\/index.php\/politique-de-confidentialite\/#breadcrumb","itemListElement":[{"@type":"ListItem","position":1,"name":"Accueil","item":"https:\/\/lessencedonyx.com\/"},{"@type":"ListItem","position":2,"name":"Politique de confidentialit\u00e9"}]},{"@type":"WebSite","@id":"https:\/\/lessencedonyx.com\/#website","url":"https:\/\/lessencedonyx.com\/","name":"L'essence d'onyx","description":"","publisher":{"@id":"https:\/\/lessencedonyx.com\/#organization"},"potentialAction":[{"@type":"SearchAction","target":{"@type":"EntryPoint","urlTemplate":"https:\/\/lessencedonyx.com\/?s={search_term_string}"},"query-input":{"@type":"PropertyValueSpecification","valueRequired":true,"valueName":"search_term_string"}}],"inLanguage":"fr-FR"},{"@type":"Organization","@id":"https:\/\/lessencedonyx.com\/#organization","name":"L'essence d'onyx","url":"https:\/\/lessencedonyx.com\/","logo":{"@type":"ImageObject","inLanguage":"fr-FR","@id":"https:\/\/lessencedonyx.com\/#\/schema\/logo\/image\/","url":"http:\/\/lessencedonyx.com\/wp-content\/uploads\/2026\/02\/cropped-Logo-capture.png","contentUrl":"http:\/\/lessencedonyx.com\/wp-content\/uploads\/2026\/02\/cropped-Logo-capture.png","width":503,"height":414,"caption":"L'essence d'onyx"},"image":{"@id":"https:\/\/lessencedonyx.com\/#\/schema\/logo\/image\/"},"sameAs":["https:\/\/www.instagram.com\/lessencedonyx\/"]}]}},"_links":{"self":[{"href":"https:\/\/lessencedonyx.com\/index.php\/wp-json\/wp\/v2\/pages\/167","targetHints":{"allow":["GET"]}}],"collection":[{"href":"https:\/\/lessencedonyx.com\/index.php\/wp-json\/wp\/v2\/pages"}],"about":[{"href":"https:\/\/lessencedonyx.com\/index.php\/wp-json\/wp\/v2\/types\/page"}],"author":[{"embeddable":true,"href":"https:\/\/lessencedonyx.com\/index.php\/wp-json\/wp\/v2\/users\/1"}],"replies":[{"embeddable":true,"href":"https:\/\/lessencedonyx.com\/index.php\/wp-json\/wp\/v2\/comments?post=167"}],"version-history":[{"count":11,"href":"https:\/\/lessencedonyx.com\/index.php\/wp-json\/wp\/v2\/pages\/167\/revisions"}],"predecessor-version":[{"id":275,"href":"https:\/\/lessencedonyx.com\/index.php\/wp-json\/wp\/v2\/pages\/167\/revisions\/275"}],"wp:attachment":[{"href":"https:\/\/lessencedonyx.com\/index.php\/wp-json\/wp\/v2\/media?parent=167"}],"curies":[{"name":"wp","href":"https:\/\/api.w.org\/{rel}","templated":true}]}}